{"id":116,"date":"2019-05-08T22:52:52","date_gmt":"2019-05-08T20:52:52","guid":{"rendered":"http:\/\/schlussakkord-rockcrew.de\/wordpress\/?page_id=116"},"modified":"2022-07-20T18:33:14","modified_gmt":"2022-07-20T16:33:14","slug":"impressum","status":"publish","type":"page","link":"http:\/\/schlussakkord-rockcrew.de\/?page_id=116","title":{"rendered":"Impressum"},"content":{"rendered":"\n<p><strong>Verantwortlich f\u00fcr den Inhalt der Webseite gem. \u00a75 Telemediengesetz ist:<br><\/strong><br>Schlussakkord Rock Crew e.V.<br>1. Vorstand S. Adam<br>2. Vorstand C. Dathe<br><\/p>\n\n\n\n<p>Eingetragen im Vereinsreg. des Amtsgericht Stendal mit der Nr. VR 5471<\/p>\n\n\n\n<p>Steuernummer: 119\/140\/40452<\/p>\n\n\n\n<p><\/p>\n\n\n\n<p><br>info@schlussakkord-rockcrew.de<br><br><\/p>\n\n\n\n<p><strong>Autogrammadresse\/Postanschrift:<br><\/strong><br>Schlussakkord Rock Crew e.V.<br>Postfach 1147, 06601 Naumburg<br><br>(Bei Autogrammw\u00fcnschen bitte frankierten und adressierten R\u00fcckumschlag beif\u00fcgen.)<\/p>\n","protected":false},"excerpt":{"rendered":"<p>Verantwortlich f\u00fcr den Inhalt der Webseite gem. \u00a75 Telemediengesetz ist:Schlussakkord Rock Crew e.V.1. Vorstand S. Adam2. Vorstand C. Dathe Eingetragen<\/p>\n","protected":false},"author":1,"featured_media":0,"parent":0,"menu_order":0,"comment_status":"closed","ping_status":"closed","template":"","meta":{"footnotes":""},"class_list":["post-116","page","type-page","status-publish","hentry"],"_links":{"self":[{"href":"http:\/\/schlussakkord-rockcrew.de\/index.php?rest_route=\/wp\/v2\/pages\/116","targetHints":{"allow":["GET"]}}],"collection":[{"href":"http:\/\/schlussakkord-rockcrew.de\/index.php?rest_route=\/wp\/v2\/pages"}],"about":[{"href":"http:\/\/schlussakkord-rockcrew.de\/index.php?rest_route=\/wp\/v2\/types\/page"}],"author":[{"embeddable":true,"href":"http:\/\/schlussakkord-rockcrew.de\/index.php?rest_route=\/wp\/v2\/users\/1"}],"replies":[{"embeddable":true,"href":"http:\/\/schlussakkord-rockcrew.de\/index.php?rest_route=%2Fwp%2Fv2%2Fcomments&post=116"}],"version-history":[{"count":9,"href":"http:\/\/schlussakkord-rockcrew.de\/index.php?rest_route=\/wp\/v2\/pages\/116\/revisions"}],"predecessor-version":[{"id":411,"href":"http:\/\/schlussakkord-rockcrew.de\/index.php?rest_route=\/wp\/v2\/pages\/116\/revisions\/411"}],"wp:attachment":[{"href":"http:\/\/schlussakkord-rockcrew.de\/index.php?rest_route=%2Fwp%2Fv2%2Fmedia&parent=116"}],"curies":[{"name":"wp","href":"https:\/\/api.w.org\/{rel}","templated":true}]}}