{"id":13,"date":"2019-05-07T23:59:01","date_gmt":"2019-05-07T21:59:01","guid":{"rendered":"http:\/\/schlussakkord-rockcrew.de\/wordpress\/?page_id=13"},"modified":"2019-10-23T23:30:07","modified_gmt":"2019-10-23T21:30:07","slug":"ueber-uns","status":"publish","type":"page","link":"http:\/\/schlussakkord-rockcrew.de\/?page_id=13","title":{"rendered":"\u00dcber uns"},"content":{"rendered":"\n<p><strong>Wer sind wir? Wer ist die Rock Crew?<\/strong><br><br><\/p>\n\n\n\n<p>Kurz und knapp.. wir lieben die Musik, stehen auf Deutschrock und supporten nat\u00fcrlich unsere Band &#8211; Schlussakkord.<br><br>Bereits fr\u00fcher existierten die ersten Ideen zur Gr\u00fcndung eines Supporterclubs, einer Art Fanclub, welcher in engem Kontakt zur Band steht und gleichgesinnte vereint. Damals kannte man die Band noch als &#8222;Mental Hospital&#8220;, doch schon da machte sich in der hiesigen Szene einen Namen. Parallel wurde die Band auch vom Street Team supportet, welches gr\u00f6\u00dftenteils Promotion f\u00fcr Band und Events unternahm.<\/p>\n\n\n\n<p><\/p>\n\n\n\n<p>Die Fangemeinschaft wuchs weiter und auch das Interesse an der Band stieg stetig, sodass wir gemeinsam in Kooperation mit Schlussakkord zum Entschluss kamen, eine gemeinsame Fanbase zu erschaffen, welche die Fans vereint, einen gemeinsamen Support erm\u00f6glicht und uns somit als gro\u00dfer famili\u00e4rer Supporter Club noch enger zusammenschwei\u00dft.<\/p>\n\n\n\n<p><\/p>\n\n\n\n<p>Daher kam es am 18.03.2019 zur offiziellen Gr\u00fcndung des Schlussakkord Rock Crew e.V., welcher von nun an den offiziellen Fanclub, die offizielle Schlussakkord-Familie darstellt und unsere Leidenschaft zur Musik, zum gemeinsamen Support von Schlussakkord nach au\u00dfen tr\u00e4gt.<\/p>\n\n\n\n<p><br>Wir m\u00f6chten euch und all den verr\u00fcckten da drau\u00dfen, die Musik, den Deutschrock und vor allem Schlussakkord nahe bringen, sie supporten, hinter ihnen stehen und gemeinsam eine sch\u00f6ne Zeit haben.<br><br>Vereint in jedem Ton, in jedem Wort!<br>Eure RC<\/p>\n\n\n\n<p><\/p>\n","protected":false},"excerpt":{"rendered":"<p>Wer sind wir? Wer ist die Rock Crew? Kurz und knapp.. wir lieben die Musik, stehen auf Deutschrock und supporten<\/p>\n","protected":false},"author":1,"featured_media":0,"parent":0,"menu_order":0,"comment_status":"closed","ping_status":"closed","template":"","meta":{"footnotes":""},"class_list":["post-13","page","type-page","status-publish","hentry"],"_links":{"self":[{"href":"http:\/\/schlussakkord-rockcrew.de\/index.php?rest_route=\/wp\/v2\/pages\/13","targetHints":{"allow":["GET"]}}],"collection":[{"href":"http:\/\/schlussakkord-rockcrew.de\/index.php?rest_route=\/wp\/v2\/pages"}],"about":[{"href":"http:\/\/schlussakkord-rockcrew.de\/index.php?rest_route=\/wp\/v2\/types\/page"}],"author":[{"embeddable":true,"href":"http:\/\/schlussakkord-rockcrew.de\/index.php?rest_route=\/wp\/v2\/users\/1"}],"replies":[{"embeddable":true,"href":"http:\/\/schlussakkord-rockcrew.de\/index.php?rest_route=%2Fwp%2Fv2%2Fcomments&post=13"}],"version-history":[{"count":13,"href":"http:\/\/schlussakkord-rockcrew.de\/index.php?rest_route=\/wp\/v2\/pages\/13\/revisions"}],"predecessor-version":[{"id":267,"href":"http:\/\/schlussakkord-rockcrew.de\/index.php?rest_route=\/wp\/v2\/pages\/13\/revisions\/267"}],"wp:attachment":[{"href":"http:\/\/schlussakkord-rockcrew.de\/index.php?rest_route=%2Fwp%2Fv2%2Fmedia&parent=13"}],"curies":[{"name":"wp","href":"https:\/\/api.w.org\/{rel}","templated":true}]}}