{"id":19,"date":"2019-05-07T23:59:29","date_gmt":"2019-05-07T21:59:29","guid":{"rendered":"http:\/\/schlussakkord-rockcrew.de\/wordpress\/?page_id=19"},"modified":"2022-07-20T18:39:00","modified_gmt":"2022-07-20T16:39:00","slug":"join-us","status":"publish","type":"page","link":"http:\/\/schlussakkord-rockcrew.de\/?page_id=19","title":{"rendered":"Join us"},"content":{"rendered":"\n<p><strong>Werde Mitglied der Schlussakkord Rock Crew<\/strong><br><br><\/p>\n\n\n\n<p>Supporte die Band, supporte uns und werde Mitglied in der Schlussakkord Rock Crew. Erlebe gemeinsam mit uns Konzerte, Festivals und exklusive Fanveranstaltungen.<br><br><\/p>\n\n\n\n<p>Du erh\u00e4ltst brandhei\u00dfe News rund um die Band, nimmst an vereinsinternen Veranstaltungen teil, bist der Band so nah wie nie und wirst Teil einer stetig wachsenden Familie &#8211; der Schlussakkord Rock Crew! Nat\u00fcrlich wird es auch hier und da eine kleine \u00dcberraschung ausschlie\u00dflich f\u00fcr Mitglieder der Rock Crew geben.<br><br><\/p>\n\n\n\n<p>Die Jahresmitgliedschaft in der Crew kostet dich 20,- Euro (zzgl. 20,- Euro Aufnahmegeb\u00fchr). Jugendliche ab 13 Jahren zahlen 12,- Euro, Kinder von Mitgliedern zahlen bei der Rock Crew keinen Beitrag.<br><br><\/p>\n\n\n\n<p>Wenn du unserer Gemeinschaft beitreten m\u00f6chtest, kann du hier deinen Mitgliedantrag downloaden.<\/p>\n\n\n\n<div class=\"wp-block-file\"><a href=\"http:\/\/schlussakkord-rockcrew.de\/wp-content\/uploads\/2022\/07\/Beitrittserklaerung-1.pdf\">Mitgliedsantrag:<\/a><a href=\"http:\/\/schlussakkord-rockcrew.de\/wp-content\/uploads\/2022\/07\/Beitrittserklaerung-1.pdf\" class=\"wp-block-file__button\" download>Herunterladen<\/a><\/div>\n\n\n\n<p>Einen Blick in die aktuelle Satzung findest du, ebenfalls hier.<br><\/p>\n\n\n\n<div class=\"wp-block-file\"><a href=\"http:\/\/schlussakkord-rockcrew.de\/wp-content\/uploads\/2019\/07\/Satzung-Schlussakkord-Rock-Crew-Web.pdf\">Satzung:<\/a><a href=\"http:\/\/schlussakkord-rockcrew.de\/wp-content\/uploads\/2019\/07\/Satzung-Schlussakkord-Rock-Crew-Web.pdf\" class=\"wp-block-file__button\" download>Herunterladen<\/a><\/div>\n\n\n\n<div class=\"wp-block-file\"><a href=\"http:\/\/schlussakkord-rockcrew.de\/wp-content\/uploads\/2019\/08\/Beitragsordnung-Schlussakkord-Rock-Crew.pdf\">Beitragsordnung:<\/a><a href=\"http:\/\/schlussakkord-rockcrew.de\/wp-content\/uploads\/2019\/08\/Beitragsordnung-Schlussakkord-Rock-Crew.pdf\" class=\"wp-block-file__button\" download>Herunterladen<\/a><\/div>\n\n\n\n<p>Schicke den komplett ausgef\u00fcllten Mitgliedsantrag per Post an folgende Adresse: <br><br><\/p>\n\n\n\n<p class=\"has-text-align-center\"><strong>Schlussakkord Rock Crew e.V., Postfach 1147, 06601 Naumburg<\/strong><br><\/p>\n\n\n\n<p><br>Die Anmeldung ist ausschlie\u00dflich auf dem Postweg oder direkt an unserem Infostand bei den jeweiligen Events m\u00f6glich.<br><br><\/p>\n\n\n\n<p>Nach Antragseingang entscheidet der Vorstand \u00fcber deinen Antrag und sendet dir innerhalb weniger Tage eine Benachrichtigung und eine kleine \u00dcberraschung zu.<br><br><\/p>\n\n\n\n<p>Solltest du Fragen haben, wende dich einfach an uns. Entweder sprichst du uns direkt auf den Events an oder sendest uns eine Mail an info@schlussakkord-rockcrew.de.<br><br><\/p>\n\n\n\n<p>Vereint in jedem Ton, in jedem Wort!<br>Eure RC<\/p>\n\n\n\n<p><\/p>\n","protected":false},"excerpt":{"rendered":"<p>Werde Mitglied der Schlussakkord Rock Crew Supporte die Band, supporte uns und werde Mitglied in der Schlussakkord Rock Crew. Erlebe<\/p>\n","protected":false},"author":1,"featured_media":0,"parent":0,"menu_order":0,"comment_status":"closed","ping_status":"closed","template":"","meta":{"footnotes":""},"class_list":["post-19","page","type-page","status-publish","hentry"],"_links":{"self":[{"href":"http:\/\/schlussakkord-rockcrew.de\/index.php?rest_route=\/wp\/v2\/pages\/19","targetHints":{"allow":["GET"]}}],"collection":[{"href":"http:\/\/schlussakkord-rockcrew.de\/index.php?rest_route=\/wp\/v2\/pages"}],"about":[{"href":"http:\/\/schlussakkord-rockcrew.de\/index.php?rest_route=\/wp\/v2\/types\/page"}],"author":[{"embeddable":true,"href":"http:\/\/schlussakkord-rockcrew.de\/index.php?rest_route=\/wp\/v2\/users\/1"}],"replies":[{"embeddable":true,"href":"http:\/\/schlussakkord-rockcrew.de\/index.php?rest_route=%2Fwp%2Fv2%2Fcomments&post=19"}],"version-history":[{"count":24,"href":"http:\/\/schlussakkord-rockcrew.de\/index.php?rest_route=\/wp\/v2\/pages\/19\/revisions"}],"predecessor-version":[{"id":415,"href":"http:\/\/schlussakkord-rockcrew.de\/index.php?rest_route=\/wp\/v2\/pages\/19\/revisions\/415"}],"wp:attachment":[{"href":"http:\/\/schlussakkord-rockcrew.de\/index.php?rest_route=%2Fwp%2Fv2%2Fmedia&parent=19"}],"curies":[{"name":"wp","href":"https:\/\/api.w.org\/{rel}","templated":true}]}}